{"id":28,"date":"2022-10-01T07:00:00","date_gmt":"2022-10-01T05:00:00","guid":{"rendered":"https:\/\/planetefromages.com\/?page_id=28"},"modified":"2025-12-31T12:10:29","modified_gmt":"2025-12-31T11:10:29","slug":"fromages-moment","status":"publish","type":"page","link":"https:\/\/planetefromages.com\/index.php\/fromages-moment\/","title":{"rendered":"Fromages du moment"},"content":{"rendered":"\n<hr class=\"wp-block-separator has-alpha-channel-opacity\"\/>\n\n\n<div class=\"wp-block-image\">\n<figure class=\"aligncenter size-full is-resized\"><img decoding=\"async\" width=\"1024\" height=\"1024\" src=\"https:\/\/planetefromages.com\/wp-content\/uploads\/2025\/12\/ChatGPT-Image-26-dec.-2025-12_33_46.jpg\" alt=\"\" class=\"wp-image-907\" style=\"width:567px;height:auto\" srcset=\"https:\/\/planetefromages.com\/wp-content\/uploads\/2025\/12\/ChatGPT-Image-26-dec.-2025-12_33_46.jpg 1024w, https:\/\/planetefromages.com\/wp-content\/uploads\/2025\/12\/ChatGPT-Image-26-dec.-2025-12_33_46-300x300.jpg 300w, https:\/\/planetefromages.com\/wp-content\/uploads\/2025\/12\/ChatGPT-Image-26-dec.-2025-12_33_46-150x150.jpg 150w, https:\/\/planetefromages.com\/wp-content\/uploads\/2025\/12\/ChatGPT-Image-26-dec.-2025-12_33_46-768x768.jpg 768w, https:\/\/planetefromages.com\/wp-content\/uploads\/2025\/12\/ChatGPT-Image-26-dec.-2025-12_33_46-100x100.jpg 100w, https:\/\/planetefromages.com\/wp-content\/uploads\/2025\/12\/ChatGPT-Image-26-dec.-2025-12_33_46-200x200.jpg 200w\" sizes=\"(max-width: 1024px) 100vw, 1024px\" \/><\/figure>\n<\/div>\n\n\n<hr class=\"wp-block-separator has-alpha-channel-opacity\"\/>\n\n\n\n<h5 class=\"wp-block-heading has-text-align-center has-medium-font-size\">Coup de projecteur sur un ou des fromages \u00e0 d\u00e9couvrir ou red\u00e9couvrir.<\/h5>\n\n\n\n<hr class=\"wp-block-separator has-alpha-channel-opacity\"\/>\n\n\n\n<div class=\"wp-block-media-text alignwide has-media-on-the-right is-stacked-on-mobile\" style=\"grid-template-columns:auto 42%\"><div class=\"wp-block-media-text__content\">\n<p>Halloumi, une d\u00e9licieuse exp\u00e9rience culinaire qui vous transportera directement sur les rives ensoleill\u00e9es de l&rsquo;\u00eele de Chypre. R\u00e9put\u00e9 pour sa texture unique et son go\u00fbt d\u00e9licieusement sal\u00e9, le Halloumi est un tr\u00e9sor gastronomique qui ravira les palais les plus exigeants.<\/p>\n\n\n\n<p>Fabriqu\u00e9 avec amour selon des m\u00e9thodes traditionnelles, le fromage Halloumi incarne l&rsquo;essence m\u00eame de la cuisine chypriote. Sa texture ferme et \u00e9lastique offre une exp\u00e9rience en bouche incomparable, tandis que sa capacit\u00e9 \u00e0 fondre l\u00e9g\u00e8rement \u00e0 la cuisson en fait un ingr\u00e9dient polyvalent et irr\u00e9sistible.<\/p>\n\n\n\n<p>Que vous soyez un amateur de fromage chevronn\u00e9 ou simplement en qu\u00eate de nouvelles d\u00e9couvertes gustatives, le Halloumi saura vous conqu\u00e9rir. Sa capacit\u00e9 \u00e0 se marier parfaitement avec diverses recettes en fait un ingr\u00e9dient incontournable pour les grillades estivales, les salades fra\u00eeches ou m\u00eame les plats v\u00e9g\u00e9tariens cr\u00e9atifs.<\/p>\n<\/div><figure class=\"wp-block-media-text__media\"><img decoding=\"async\" width=\"1024\" height=\"599\" src=\"https:\/\/planetefromages.com\/wp-content\/uploads\/2023\/05\/1685536045444-01-1024x599.jpeg\" alt=\"\" class=\"wp-image-577 size-full\" srcset=\"https:\/\/planetefromages.com\/wp-content\/uploads\/2023\/05\/1685536045444-01-1024x599.jpeg 1024w, https:\/\/planetefromages.com\/wp-content\/uploads\/2023\/05\/1685536045444-01-300x176.jpeg 300w, https:\/\/planetefromages.com\/wp-content\/uploads\/2023\/05\/1685536045444-01-768x450.jpeg 768w, https:\/\/planetefromages.com\/wp-content\/uploads\/2023\/05\/1685536045444-01-1536x899.jpeg 1536w, https:\/\/planetefromages.com\/wp-content\/uploads\/2023\/05\/1685536045444-01-2048x1199.jpeg 2048w\" sizes=\"(max-width: 1024px) 100vw, 1024px\" \/><\/figure><\/div>\n\n\n\n<hr class=\"wp-block-separator has-alpha-channel-opacity\"\/>\n\n\n\n<div class=\"wp-block-media-text alignwide is-stacked-on-mobile\"><figure class=\"wp-block-media-text__media\"><img decoding=\"async\" width=\"1024\" height=\"849\" src=\"https:\/\/planetefromages.com\/wp-content\/uploads\/2022\/11\/Cabrache-1024x849.jpg\" alt=\"\" class=\"wp-image-297 size-full\" srcset=\"https:\/\/planetefromages.com\/wp-content\/uploads\/2022\/11\/Cabrache-1024x849.jpg 1024w, https:\/\/planetefromages.com\/wp-content\/uploads\/2022\/11\/Cabrache-300x249.jpg 300w, https:\/\/planetefromages.com\/wp-content\/uploads\/2022\/11\/Cabrache-768x637.jpg 768w, https:\/\/planetefromages.com\/wp-content\/uploads\/2022\/11\/Cabrache-1536x1274.jpg 1536w, https:\/\/planetefromages.com\/wp-content\/uploads\/2022\/11\/Cabrache-2048x1698.jpg 2048w\" sizes=\"(max-width: 1024px) 100vw, 1024px\" \/><\/figure><div class=\"wp-block-media-text__content\">\n<p class=\"has-medium-font-size\">Je vous propose \u00ab\u00a0La Cabrache\u00a0\u00bb, une tomme du Morvan au lait de vache bio.<br>La Cabrache n\u00e9cessite dix semaines d&rsquo;affinage et est produite uniquement dans le Morvan.<\/p>\n\n\n\n<p class=\"has-medium-font-size\">Je suis fi\u00e8re de vous proposer cette tomme inaugur\u00e9e le 2 octobre 2021.<\/p>\n<\/div><\/div>\n\n\n\n<hr class=\"wp-block-separator has-alpha-channel-opacity\"\/>\n\n\n\n<div class=\"wp-block-media-text alignwide has-media-on-the-right is-stacked-on-mobile\"><div class=\"wp-block-media-text__content\">\n<p class=\"has-medium-font-size\">Le Maroilles, fromage du Nord incontournable.<\/p>\n<\/div><figure class=\"wp-block-media-text__media\"><img decoding=\"async\" width=\"1024\" height=\"989\" src=\"https:\/\/planetefromages.com\/wp-content\/uploads\/2025\/11\/1000006096-1024x989.jpg\" alt=\"\" class=\"wp-image-723 size-full\" srcset=\"https:\/\/planetefromages.com\/wp-content\/uploads\/2025\/11\/1000006096-1024x989.jpg 1024w, https:\/\/planetefromages.com\/wp-content\/uploads\/2025\/11\/1000006096-300x290.jpg 300w, https:\/\/planetefromages.com\/wp-content\/uploads\/2025\/11\/1000006096-768x742.jpg 768w, https:\/\/planetefromages.com\/wp-content\/uploads\/2025\/11\/1000006096-1536x1483.jpg 1536w, https:\/\/planetefromages.com\/wp-content\/uploads\/2025\/11\/1000006096.jpg 1920w\" sizes=\"(max-width: 1024px) 100vw, 1024px\" \/><\/figure><\/div>\n\n\n\n<hr class=\"wp-block-separator has-alpha-channel-opacity\"\/>\n\n\n<div class=\"wp-block-image\">\n<figure class=\"alignright size-full is-resized\"><a href=\"https:\/\/planetefromages.com\/\"><img decoding=\"async\" src=\"https:\/\/planetefromages.com\/wp-content\/uploads\/2025\/12\/ChatGPT-Image-31-dec.-2025-09_47_23.png\" alt=\"\" class=\"wp-image-949\" style=\"width:205px;height:auto\"\/><\/a><\/figure>\n<\/div>\n\n\n<p><\/p>\n","protected":false},"excerpt":{"rendered":"<p>Coup de projecteur sur un ou des fromages \u00e0 d\u00e9couvrir ou red\u00e9couvrir. Halloumi, une d\u00e9licieuse exp\u00e9rience culinaire qui vous transportera directement sur les rives ensoleill\u00e9es de l&rsquo;\u00eele de Chypre. R\u00e9put\u00e9 pour sa texture unique et son go\u00fbt d\u00e9licieusement sal\u00e9, le Halloumi est un tr\u00e9sor gastronomique qui ravira les palais les plus exigeants. Fabriqu\u00e9 avec amour [&hellip;]<\/p>\n","protected":false},"author":2,"featured_media":850,"parent":0,"menu_order":0,"comment_status":"closed","ping_status":"closed","template":"","meta":{"footnotes":""},"class_list":["post-28","page","type-page","status-publish","has-post-thumbnail","hentry"],"_links":{"self":[{"href":"https:\/\/planetefromages.com\/index.php\/wp-json\/wp\/v2\/pages\/28","targetHints":{"allow":["GET"]}}],"collection":[{"href":"https:\/\/planetefromages.com\/index.php\/wp-json\/wp\/v2\/pages"}],"about":[{"href":"https:\/\/planetefromages.com\/index.php\/wp-json\/wp\/v2\/types\/page"}],"author":[{"embeddable":true,"href":"https:\/\/planetefromages.com\/index.php\/wp-json\/wp\/v2\/users\/2"}],"replies":[{"embeddable":true,"href":"https:\/\/planetefromages.com\/index.php\/wp-json\/wp\/v2\/comments?post=28"}],"version-history":[{"count":22,"href":"https:\/\/planetefromages.com\/index.php\/wp-json\/wp\/v2\/pages\/28\/revisions"}],"predecessor-version":[{"id":960,"href":"https:\/\/planetefromages.com\/index.php\/wp-json\/wp\/v2\/pages\/28\/revisions\/960"}],"wp:featuredmedia":[{"embeddable":true,"href":"https:\/\/planetefromages.com\/index.php\/wp-json\/wp\/v2\/media\/850"}],"wp:attachment":[{"href":"https:\/\/planetefromages.com\/index.php\/wp-json\/wp\/v2\/media?parent=28"}],"curies":[{"name":"wp","href":"https:\/\/api.w.org\/{rel}","templated":true}]}}