{"id":499,"date":"2023-05-03T16:18:01","date_gmt":"2023-05-03T14:18:01","guid":{"rendered":"https:\/\/planetefromages.com\/?page_id=499"},"modified":"2023-05-11T12:31:50","modified_gmt":"2023-05-11T10:31:50","slug":"tartinades","status":"publish","type":"page","link":"https:\/\/planetefromages.com\/index.php\/tartinades\/","title":{"rendered":"Tartinades"},"content":{"rendered":"\n<hr class=\"wp-block-separator has-alpha-channel-opacity\"\/>\n\n\n\n<p class=\"has-text-align-center has-medium-font-size\" id=\"block-754a144d-5efa-4e2b-a066-abcf7f979378\">Bienvenue dans notre espace d\u00e9di\u00e9 aux tartinades, o\u00f9 vous pouvez d\u00e9couvrir notre s\u00e9lection de sp\u00e9cialit\u00e9s proven\u00e7ales cuisin\u00e9es de fa\u00e7on artisanale, parfaites pour des ap\u00e9ritifs , encas ou pique-nique &#8230;<\/p>\n\n\n\n<p class=\"has-text-align-center has-medium-font-size\" id=\"block-754a144d-5efa-4e2b-a066-abcf7f979378\"> Id\u00e9al pour ajouter de la saveur et de la texture \u00e0 vos tartines et snacks pr\u00e9f\u00e9r\u00e9s. Nous sommes fiers de vous proposer des tartinades authentiques.<\/p>\n\n\n\n<hr class=\"wp-block-separator has-alpha-channel-opacity\"\/>\n\n\n<div class=\"rl-gallery-container rl-loading\" id=\"rl-gallery-container-1\" data-gallery_id=\"543\"> <div class=\"rl-gallery rl-basicmasonry-gallery rl-hover-effect-6\" id=\"rl-gallery-1\" data-gallery_no=\"1\"> <div class=\"rl-gutter-sizer\"><\/div><div class=\"rl-grid-sizer\"><\/div> <div class=\"rl-gallery-item rl-gallery-item-width-4\" > <div class=\"rl-gallery-item-content\"> <a href=\"https:\/\/planetefromages.com\/wp-content\/uploads\/2023\/05\/1683715919371-01-953x1024.jpeg\" title=\"Caviar de tomates s\u00e9ch\u00e9es, poivrons et chorizo.\" data-rl_title=\"Caviar de tomates s\u00e9ch\u00e9es, poivrons et chorizo.\" class=\"rl-gallery-link\" data-rl_caption=\"\" data-rel=\"lightbox-gallery-1\"><img decoding=\"async\" src=\"https:\/\/planetefromages.com\/wp-content\/uploads\/2023\/05\/1683715919371-01-768x825.jpeg\" width=\"750\" height=\"806\" alt=\"Tartinade\" \/><span class=\"rl-gallery-caption\"><span class=\"rl-gallery-item-title\">Caviar de tomates s\u00e9ch\u00e9es, poivrons et chorizo.<\/span><\/span><\/a> <\/div> <\/div> <div class=\"rl-gallery-item\" > <div class=\"rl-gallery-item-content\"> <a href=\"https:\/\/planetefromages.com\/wp-content\/uploads\/2023\/05\/1683716009154-01-945x1024.jpeg\" title=\"Sardinade ricotta et citron.\" data-rl_title=\"Sardinade ricotta et citron.\" class=\"rl-gallery-link\" data-rl_caption=\"\" data-rel=\"lightbox-gallery-1\"><img decoding=\"async\" src=\"https:\/\/planetefromages.com\/wp-content\/uploads\/2023\/05\/1683716009154-01-768x832.jpeg\" width=\"750\" height=\"813\" alt=\"Tartinades\" \/><span class=\"rl-gallery-caption\"><span class=\"rl-gallery-item-title\">Sardinade ricotta et citron.<\/span><\/span><\/a> <\/div> <\/div> <div class=\"rl-gallery-item\" > <div class=\"rl-gallery-item-content\"> <a href=\"https:\/\/planetefromages.com\/wp-content\/uploads\/2023\/05\/1683716104480-01-975x1024.jpeg\" title=\"Tartare de poivrons grill\u00e9s et tomates.\" data-rl_title=\"Tartare de poivrons grill\u00e9s et tomates.\" class=\"rl-gallery-link\" data-rl_caption=\"\" data-rel=\"lightbox-gallery-1\"><img decoding=\"async\" src=\"https:\/\/planetefromages.com\/wp-content\/uploads\/2023\/05\/1683716104480-01-768x807.jpeg\" width=\"750\" height=\"788\" alt=\"Tartinades\" \/><span class=\"rl-gallery-caption\"><span class=\"rl-gallery-item-title\">Tartare de poivrons grill\u00e9s et tomates.<\/span><\/span><\/a> <\/div> <\/div> <div class=\"rl-gallery-item\" > <div class=\"rl-gallery-item-content\"> <a href=\"https:\/\/planetefromages.com\/wp-content\/uploads\/2023\/05\/1683716207879-01-969x1024.jpeg\" title=\"Sardinade tomate et piment d&#039;Espelette.\" data-rl_title=\"Sardinade tomate et piment d&#039;Espelette.\" class=\"rl-gallery-link\" data-rl_caption=\"\" data-rel=\"lightbox-gallery-1\"><img decoding=\"async\" src=\"https:\/\/planetefromages.com\/wp-content\/uploads\/2023\/05\/1683716207879-01-768x811.jpeg\" width=\"750\" height=\"792\" alt=\"Tartinades\" \/><span class=\"rl-gallery-caption\"><span class=\"rl-gallery-item-title\">Sardinade tomate et piment d&#039;Espelette.<\/span><\/span><\/a> <\/div> <\/div> <div class=\"rl-gallery-item\" > <div class=\"rl-gallery-item-content\"> <a href=\"https:\/\/planetefromages.com\/wp-content\/uploads\/2023\/05\/1683802686938-01-972x1024.jpeg\" title=\"Caviar d&#039;aubergines\" data-rl_title=\"Caviar d&#039;aubergines\" class=\"rl-gallery-link\" data-rl_caption=\"\" data-rel=\"lightbox-gallery-1\"><img decoding=\"async\" src=\"https:\/\/planetefromages.com\/wp-content\/uploads\/2023\/05\/1683802686938-01-768x809.jpeg\" width=\"750\" height=\"790\" alt=\"\" \/><span class=\"rl-gallery-caption\"><span class=\"rl-gallery-item-title\">Caviar d&#039;aubergines<\/span><\/span><\/a> <\/div> <\/div> <div class=\"rl-gallery-item\" > <div class=\"rl-gallery-item-content\"> <a href=\"https:\/\/planetefromages.com\/wp-content\/uploads\/2023\/05\/1683825201369-01-938x1024.jpeg\" title=\"Confit d&#039;oignons doux des C\u00e9vennes\" data-rl_title=\"Confit d&#039;oignons doux des C\u00e9vennes\" class=\"rl-gallery-link\" data-rl_caption=\"\" data-rel=\"lightbox-gallery-1\"><img decoding=\"async\" src=\"https:\/\/planetefromages.com\/wp-content\/uploads\/2023\/05\/1683825201369-01-768x838.jpeg\" width=\"750\" height=\"818\" alt=\"Tartinades\" \/><span class=\"rl-gallery-caption\"><span class=\"rl-gallery-item-title\">Confit d&#039;oignons doux des C\u00e9vennes<\/span><\/span><\/a> <\/div> <\/div> <div class=\"rl-gallery-item\" > <div class=\"rl-gallery-item-content\"> <a href=\"https:\/\/planetefromages.com\/wp-content\/uploads\/2023\/05\/1683825296098-01-928x1024.jpeg\" title=\"Tho\u00efonade tomate et basilic\" data-rl_title=\"Tho\u00efonade tomate et basilic\" class=\"rl-gallery-link\" data-rl_caption=\"\" data-rel=\"lightbox-gallery-1\"><img decoding=\"async\" src=\"https:\/\/planetefromages.com\/wp-content\/uploads\/2023\/05\/1683825296098-01-768x847.jpeg\" width=\"750\" height=\"827\" alt=\"Tartinades\" \/><span class=\"rl-gallery-caption\"><span class=\"rl-gallery-item-title\">Tho\u00efonade tomate et basilic<\/span><\/span><\/a> <\/div> <\/div> <\/div> <\/div>\n\n\n\n<p><\/p>\n","protected":false},"excerpt":{"rendered":"<p>Bienvenue dans notre espace d\u00e9di\u00e9 aux tartinades, o\u00f9 vous pouvez d\u00e9couvrir notre s\u00e9lection de sp\u00e9cialit\u00e9s proven\u00e7ales cuisin\u00e9es de fa\u00e7on artisanale, parfaites pour des ap\u00e9ritifs , encas ou pique-nique &#8230; Id\u00e9al pour ajouter de la saveur et de la texture \u00e0 vos tartines et snacks pr\u00e9f\u00e9r\u00e9s. Nous sommes fiers de vous proposer des tartinades authentiques.<\/p>\n","protected":false},"author":2,"featured_media":0,"parent":0,"menu_order":0,"comment_status":"closed","ping_status":"closed","template":"","meta":{"footnotes":""},"class_list":["post-499","page","type-page","status-publish","hentry"],"_links":{"self":[{"href":"https:\/\/planetefromages.com\/index.php\/wp-json\/wp\/v2\/pages\/499","targetHints":{"allow":["GET"]}}],"collection":[{"href":"https:\/\/planetefromages.com\/index.php\/wp-json\/wp\/v2\/pages"}],"about":[{"href":"https:\/\/planetefromages.com\/index.php\/wp-json\/wp\/v2\/types\/page"}],"author":[{"embeddable":true,"href":"https:\/\/planetefromages.com\/index.php\/wp-json\/wp\/v2\/users\/2"}],"replies":[{"embeddable":true,"href":"https:\/\/planetefromages.com\/index.php\/wp-json\/wp\/v2\/comments?post=499"}],"version-history":[{"count":6,"href":"https:\/\/planetefromages.com\/index.php\/wp-json\/wp\/v2\/pages\/499\/revisions"}],"predecessor-version":[{"id":545,"href":"https:\/\/planetefromages.com\/index.php\/wp-json\/wp\/v2\/pages\/499\/revisions\/545"}],"wp:attachment":[{"href":"https:\/\/planetefromages.com\/index.php\/wp-json\/wp\/v2\/media?parent=499"}],"curies":[{"name":"wp","href":"https:\/\/api.w.org\/{rel}","templated":true}]}}