{"id":666,"date":"2024-05-22T15:22:37","date_gmt":"2024-05-22T13:22:37","guid":{"rendered":"https:\/\/planetefromages.com\/?page_id=666"},"modified":"2024-05-22T15:22:37","modified_gmt":"2024-05-22T13:22:37","slug":"sardines-berthe","status":"publish","type":"page","link":"https:\/\/planetefromages.com\/index.php\/sardines-berthe\/","title":{"rendered":"Sardines BERTHE"},"content":{"rendered":"\n<h2 class=\"wp-block-heading\">Berthe &#8211; L&rsquo;Excellence des Conserves de Sardines Portugaises<\/h2>\n\n\n\n<p>Fond\u00e9e en 1909, Berthe est une marque l\u00e9gendaire de conserves de sardines de qualit\u00e9 sup\u00e9rieure. Ses produits phares sont les c\u00e9l\u00e8bres sardines enti\u00e8res \u00e0 l&rsquo;huile d&rsquo;olive vierge extra, p\u00each\u00e9es dans l&rsquo;Atlantique au large du Portugal.<\/p>\n\n\n\n<p>Pr\u00e9par\u00e9es de mani\u00e8re artisanale selon des m\u00e9thodes centenaires, les sardines Berthe se distinguent par leur chair ferme et leur saveur riche en notes iod\u00e9es.<\/p>\n\n\n\n<p>Que vous soyez amateur de produits de la mer authentiques ou fin gourmet, laissez-vous s\u00e9duire par l&rsquo;excellence et le savoir-faire ancestral de la marque Berthe.<\/p>\n\n\n\n<hr class=\"wp-block-separator has-alpha-channel-opacity\"\/>\n\n\n<div class=\"rl-gallery-container rl-loading\" id=\"rl-gallery-container-1\" data-gallery_id=\"668\"> <div class=\"rl-gallery rl-basicgrid-gallery rl-hover-effect-7\" id=\"rl-gallery-1\" data-gallery_no=\"1\"> <div class=\"rl-gallery-item\"><a href=\"\" style=\"cursor: default\" title=\"\" data-rl_title=\"\" class=\"rl-gallery-link\" data-rl_caption=\"Sardines \u00e0 l&#039;huile d&#039;olive vierge Extra\" data-rel=\"norl\"><img decoding=\"async\" src=\"https:\/\/planetefromages.com\/wp-content\/uploads\/2024\/05\/IMAGE-0_16-768x1025.jpg\" width=\"750\" height=\"1001\" alt=\"Sardines BERTHE\" \/><span class=\"rl-gallery-caption\"><span class=\"rl-gallery-item-caption\">Sardines \u00e0 l&#039;huile d&#039;olive vierge Extra<\/span><\/span><\/a><\/div><div class=\"rl-gallery-item\"><a href=\"\" style=\"cursor: default\" title=\"\" data-rl_title=\"\" class=\"rl-gallery-link\" data-rl_caption=\"Sardines BERTHE \u00e0 l&#039;huile d&#039;olive avec cornichons et piment.\" data-rel=\"norl\"><img decoding=\"async\" src=\"https:\/\/planetefromages.com\/wp-content\/uploads\/2024\/05\/IMAGE-0_17-768x1237.jpg\" width=\"750\" height=\"1208\" alt=\"Sardines BERTHE\" \/><span class=\"rl-gallery-caption\"><span class=\"rl-gallery-item-caption\">Sardines BERTHE \u00e0 l&#039;huile d&#039;olive avec cornichons et piment.<\/span><\/span><\/a><\/div> <\/div> <\/div>\n","protected":false},"excerpt":{"rendered":"<p>Berthe &#8211; L&rsquo;Excellence des Conserves de Sardines Portugaises Fond\u00e9e en 1909, Berthe est une marque l\u00e9gendaire de conserves de sardines de qualit\u00e9 sup\u00e9rieure. Ses produits phares sont les c\u00e9l\u00e8bres sardines enti\u00e8res \u00e0 l&rsquo;huile d&rsquo;olive vierge extra, p\u00each\u00e9es dans l&rsquo;Atlantique au large du Portugal. Pr\u00e9par\u00e9es de mani\u00e8re artisanale selon des m\u00e9thodes centenaires, les sardines Berthe se [&hellip;]<\/p>\n","protected":false},"author":2,"featured_media":665,"parent":0,"menu_order":0,"comment_status":"closed","ping_status":"closed","template":"","meta":{"footnotes":""},"class_list":["post-666","page","type-page","status-publish","has-post-thumbnail","hentry"],"_links":{"self":[{"href":"https:\/\/planetefromages.com\/index.php\/wp-json\/wp\/v2\/pages\/666","targetHints":{"allow":["GET"]}}],"collection":[{"href":"https:\/\/planetefromages.com\/index.php\/wp-json\/wp\/v2\/pages"}],"about":[{"href":"https:\/\/planetefromages.com\/index.php\/wp-json\/wp\/v2\/types\/page"}],"author":[{"embeddable":true,"href":"https:\/\/planetefromages.com\/index.php\/wp-json\/wp\/v2\/users\/2"}],"replies":[{"embeddable":true,"href":"https:\/\/planetefromages.com\/index.php\/wp-json\/wp\/v2\/comments?post=666"}],"version-history":[{"count":2,"href":"https:\/\/planetefromages.com\/index.php\/wp-json\/wp\/v2\/pages\/666\/revisions"}],"predecessor-version":[{"id":669,"href":"https:\/\/planetefromages.com\/index.php\/wp-json\/wp\/v2\/pages\/666\/revisions\/669"}],"wp:featuredmedia":[{"embeddable":true,"href":"https:\/\/planetefromages.com\/index.php\/wp-json\/wp\/v2\/media\/665"}],"wp:attachment":[{"href":"https:\/\/planetefromages.com\/index.php\/wp-json\/wp\/v2\/media?parent=666"}],"curies":[{"name":"wp","href":"https:\/\/api.w.org\/{rel}","templated":true}]}}