{"id":71,"date":"2022-11-06T19:58:08","date_gmt":"2022-11-06T18:58:08","guid":{"rendered":"https:\/\/planetefromages.com\/?page_id=71"},"modified":"2025-12-30T10:38:15","modified_gmt":"2025-12-30T09:38:15","slug":"offres","status":"publish","type":"page","link":"https:\/\/planetefromages.com\/index.php\/offres\/","title":{"rendered":"Offres"},"content":{"rendered":"<div class=\"wp-block-image\">\n<figure class=\"aligncenter size-full is-resized\"><img decoding=\"async\" width=\"1024\" height=\"1024\" src=\"https:\/\/planetefromages.com\/wp-content\/uploads\/2025\/12\/ChatGPT-Image-26-dec.-2025-12_29_22.jpg\" alt=\"\" class=\"wp-image-908\" style=\"width:521px;height:auto\" srcset=\"https:\/\/planetefromages.com\/wp-content\/uploads\/2025\/12\/ChatGPT-Image-26-dec.-2025-12_29_22.jpg 1024w, https:\/\/planetefromages.com\/wp-content\/uploads\/2025\/12\/ChatGPT-Image-26-dec.-2025-12_29_22-300x300.jpg 300w, https:\/\/planetefromages.com\/wp-content\/uploads\/2025\/12\/ChatGPT-Image-26-dec.-2025-12_29_22-150x150.jpg 150w, https:\/\/planetefromages.com\/wp-content\/uploads\/2025\/12\/ChatGPT-Image-26-dec.-2025-12_29_22-768x768.jpg 768w, https:\/\/planetefromages.com\/wp-content\/uploads\/2025\/12\/ChatGPT-Image-26-dec.-2025-12_29_22-100x100.jpg 100w, https:\/\/planetefromages.com\/wp-content\/uploads\/2025\/12\/ChatGPT-Image-26-dec.-2025-12_29_22-200x200.jpg 200w\" sizes=\"(max-width: 1024px) 100vw, 1024px\" \/><\/figure>\n<\/div>\n\n\n<hr class=\"wp-block-separator has-alpha-channel-opacity\"\/>\n\n\n\n<div class=\"wp-block-media-text alignwide is-stacked-on-mobile\"><figure class=\"wp-block-media-text__media\"><img decoding=\"async\" width=\"726\" height=\"1024\" src=\"https:\/\/planetefromages.com\/wp-content\/uploads\/2023\/04\/Poiscaille-726x1024.webp\" alt=\"\" class=\"wp-image-427 size-full\" srcset=\"https:\/\/planetefromages.com\/wp-content\/uploads\/2023\/04\/Poiscaille-726x1024.webp 726w, https:\/\/planetefromages.com\/wp-content\/uploads\/2023\/04\/Poiscaille-213x300.webp 213w, https:\/\/planetefromages.com\/wp-content\/uploads\/2023\/04\/Poiscaille-768x1084.webp 768w, https:\/\/planetefromages.com\/wp-content\/uploads\/2023\/04\/Poiscaille-1088x1536.webp 1088w, https:\/\/planetefromages.com\/wp-content\/uploads\/2023\/04\/Poiscaille.webp 1233w\" sizes=\"(max-width: 726px) 100vw, 726px\" \/><\/figure><div class=\"wp-block-media-text__content\">\n<p><\/p>\n\n\n\n<p class=\"has-text-align-center has-vivid-cyan-blue-color has-text-color\" style=\"font-size:26px\">Vous Pouvez retirer vos colis \u00ab\u00a0Poiscaille\u00a0\u00bb \u00e0 la boutique.<\/p>\n\n\n\n<p><\/p>\n\n\n\n<p class=\"has-vivid-cyan-blue-color has-text-color\" style=\"font-size:26px\">Lors de votre commande de colis poiscaille, vous pouvez d\u00e9sormais s\u00e9lectionner le point de retrait -&gt; Plan\u00e8te Fromages \u00e0 Corbigny<\/p>\n<\/div><\/div>\n\n\n\n<hr class=\"wp-block-separator has-alpha-channel-opacity\"\/>\n\n\n<div class=\"wp-block-image\">\n<figure class=\"alignright size-full is-resized\"><a href=\"https:\/\/planetefromages.com\/\"><img decoding=\"async\" src=\"https:\/\/planetefromages.com\/wp-content\/uploads\/2025\/12\/ClicRetour.png\" alt=\"Retour vers l'accueil\" class=\"wp-image-942\" style=\"width:205px;height:auto\"\/><\/a><\/figure>\n<\/div>","protected":false},"excerpt":{"rendered":"<p>Vous Pouvez retirer vos colis \u00ab\u00a0Poiscaille\u00a0\u00bb \u00e0 la boutique. Lors de votre commande de colis poiscaille, vous pouvez d\u00e9sormais s\u00e9lectionner le point de retrait -&gt; Plan\u00e8te Fromages \u00e0 Corbigny<\/p>\n","protected":false},"author":2,"featured_media":809,"parent":0,"menu_order":0,"comment_status":"closed","ping_status":"closed","template":"","meta":{"footnotes":""},"class_list":["post-71","page","type-page","status-publish","has-post-thumbnail","hentry"],"_links":{"self":[{"href":"https:\/\/planetefromages.com\/index.php\/wp-json\/wp\/v2\/pages\/71","targetHints":{"allow":["GET"]}}],"collection":[{"href":"https:\/\/planetefromages.com\/index.php\/wp-json\/wp\/v2\/pages"}],"about":[{"href":"https:\/\/planetefromages.com\/index.php\/wp-json\/wp\/v2\/types\/page"}],"author":[{"embeddable":true,"href":"https:\/\/planetefromages.com\/index.php\/wp-json\/wp\/v2\/users\/2"}],"replies":[{"embeddable":true,"href":"https:\/\/planetefromages.com\/index.php\/wp-json\/wp\/v2\/comments?post=71"}],"version-history":[{"count":5,"href":"https:\/\/planetefromages.com\/index.php\/wp-json\/wp\/v2\/pages\/71\/revisions"}],"predecessor-version":[{"id":944,"href":"https:\/\/planetefromages.com\/index.php\/wp-json\/wp\/v2\/pages\/71\/revisions\/944"}],"wp:featuredmedia":[{"embeddable":true,"href":"https:\/\/planetefromages.com\/index.php\/wp-json\/wp\/v2\/media\/809"}],"wp:attachment":[{"href":"https:\/\/planetefromages.com\/index.php\/wp-json\/wp\/v2\/media?parent=71"}],"curies":[{"name":"wp","href":"https:\/\/api.w.org\/{rel}","templated":true}]}}