{"id":766,"date":"2025-11-30T20:25:01","date_gmt":"2025-11-30T19:25:01","guid":{"rendered":"https:\/\/planetefromages.com\/?page_id=766"},"modified":"2026-01-10T17:19:53","modified_gmt":"2026-01-10T16:19:53","slug":"chips","status":"publish","type":"page","link":"https:\/\/planetefromages.com\/index.php\/chips\/","title":{"rendered":"Chips"},"content":{"rendered":"\n<p class=\"has-text-align-center\">De d\u00e9licieuses <strong>chips<\/strong> artisanales, croustillantes et g\u00e9n\u00e9reuses, pr\u00e9par\u00e9es avec des ingr\u00e9dients simples et de qualit\u00e9. Parfaites pour l\u2019ap\u00e9ritif ou pour accompagner vos plateaux de fromages.<\/p>\n\n\n\n<figure class=\"wp-block-image size-large\"><img decoding=\"async\" width=\"977\" height=\"1024\" src=\"https:\/\/planetefromages.com\/wp-content\/uploads\/2025\/11\/1000006100-977x1024.jpg\" alt=\"\" class=\"wp-image-726\" srcset=\"https:\/\/planetefromages.com\/wp-content\/uploads\/2025\/11\/1000006100-977x1024.jpg 977w, https:\/\/planetefromages.com\/wp-content\/uploads\/2025\/11\/1000006100-286x300.jpg 286w, https:\/\/planetefromages.com\/wp-content\/uploads\/2025\/11\/1000006100-768x805.jpg 768w, https:\/\/planetefromages.com\/wp-content\/uploads\/2025\/11\/1000006100-1465x1536.jpg 1465w, https:\/\/planetefromages.com\/wp-content\/uploads\/2025\/11\/1000006100.jpg 1831w\" sizes=\"(max-width: 977px) 100vw, 977px\" \/><\/figure>\n\n\n\n<figure class=\"wp-block-gallery has-nested-images columns-default is-cropped wp-block-gallery-1 is-layout-flex wp-block-gallery-is-layout-flex\">\n<figure class=\"wp-block-image size-large\"><img decoding=\"async\" width=\"636\" height=\"1024\" data-id=\"781\" src=\"https:\/\/planetefromages.com\/wp-content\/uploads\/2025\/12\/1000006081-636x1024.jpg\" alt=\"\" class=\"wp-image-781\" srcset=\"https:\/\/planetefromages.com\/wp-content\/uploads\/2025\/12\/1000006081-636x1024.jpg 636w, https:\/\/planetefromages.com\/wp-content\/uploads\/2025\/12\/1000006081-186x300.jpg 186w, https:\/\/planetefromages.com\/wp-content\/uploads\/2025\/12\/1000006081-768x1236.jpg 768w, https:\/\/planetefromages.com\/wp-content\/uploads\/2025\/12\/1000006081-954x1536.jpg 954w, https:\/\/planetefromages.com\/wp-content\/uploads\/2025\/12\/1000006081.jpg 1193w\" sizes=\"(max-width: 636px) 100vw, 636px\" \/><\/figure>\n\n\n\n<figure class=\"wp-block-image size-large\"><img decoding=\"async\" width=\"672\" height=\"1024\" data-id=\"780\" src=\"https:\/\/planetefromages.com\/wp-content\/uploads\/2025\/12\/1000006082-672x1024.jpg\" alt=\"\" class=\"wp-image-780\" srcset=\"https:\/\/planetefromages.com\/wp-content\/uploads\/2025\/12\/1000006082-672x1024.jpg 672w, https:\/\/planetefromages.com\/wp-content\/uploads\/2025\/12\/1000006082-197x300.jpg 197w, https:\/\/planetefromages.com\/wp-content\/uploads\/2025\/12\/1000006082-768x1170.jpg 768w, https:\/\/planetefromages.com\/wp-content\/uploads\/2025\/12\/1000006082-1008x1536.jpg 1008w, https:\/\/planetefromages.com\/wp-content\/uploads\/2025\/12\/1000006082.jpg 1260w\" sizes=\"(max-width: 672px) 100vw, 672px\" \/><\/figure>\n<\/figure>\n\n\n<div class=\"wp-block-image\">\n<figure class=\"alignright size-full is-resized\"><a href=\"https:\/\/planetefromages.com\/\"><img decoding=\"async\" width=\"339\" height=\"300\" src=\"https:\/\/planetefromages.com\/wp-content\/uploads\/2025\/12\/ChatGPT-Image-31-dec.-2025-09_51_02-e1767618262826.png\" alt=\"\" class=\"wp-image-950\" style=\"aspect-ratio:1.1300042899332785;width:163px;height:auto\"\/><\/a><\/figure>\n<\/div>\n\n\n<hr class=\"wp-block-separator aligncenter has-alpha-channel-opacity\"\/>\n\n\n\n<p><\/p>\n","protected":false},"excerpt":{"rendered":"<p>De d\u00e9licieuses chips artisanales, croustillantes et g\u00e9n\u00e9reuses, pr\u00e9par\u00e9es avec des ingr\u00e9dients simples et de qualit\u00e9. Parfaites pour l\u2019ap\u00e9ritif ou pour accompagner vos plateaux de fromages.<\/p>\n","protected":false},"author":2,"featured_media":0,"parent":0,"menu_order":0,"comment_status":"closed","ping_status":"closed","template":"","meta":{"footnotes":""},"class_list":["post-766","page","type-page","status-publish","hentry"],"_links":{"self":[{"href":"https:\/\/planetefromages.com\/index.php\/wp-json\/wp\/v2\/pages\/766","targetHints":{"allow":["GET"]}}],"collection":[{"href":"https:\/\/planetefromages.com\/index.php\/wp-json\/wp\/v2\/pages"}],"about":[{"href":"https:\/\/planetefromages.com\/index.php\/wp-json\/wp\/v2\/types\/page"}],"author":[{"embeddable":true,"href":"https:\/\/planetefromages.com\/index.php\/wp-json\/wp\/v2\/users\/2"}],"replies":[{"embeddable":true,"href":"https:\/\/planetefromages.com\/index.php\/wp-json\/wp\/v2\/comments?post=766"}],"version-history":[{"count":4,"href":"https:\/\/planetefromages.com\/index.php\/wp-json\/wp\/v2\/pages\/766\/revisions"}],"predecessor-version":[{"id":1001,"href":"https:\/\/planetefromages.com\/index.php\/wp-json\/wp\/v2\/pages\/766\/revisions\/1001"}],"wp:attachment":[{"href":"https:\/\/planetefromages.com\/index.php\/wp-json\/wp\/v2\/media?parent=766"}],"curies":[{"name":"wp","href":"https:\/\/api.w.org\/{rel}","templated":true}]}}