{"id":911,"date":"2025-12-27T10:39:55","date_gmt":"2025-12-27T09:39:55","guid":{"rendered":"https:\/\/planetefromages.com\/?page_id=911"},"modified":"2025-12-27T10:45:31","modified_gmt":"2025-12-27T09:45:31","slug":"coulis-de-fruits","status":"publish","type":"page","link":"https:\/\/planetefromages.com\/index.php\/coulis-de-fruits\/","title":{"rendered":"Coulis de fruits"},"content":{"rendered":"\n<hr class=\"wp-block-separator has-alpha-channel-opacity\"\/>\n\n\n\n<p class=\"has-text-align-center\"><strong>Coulis de fruits 100 % naturels<\/strong><br>\u00c9labor\u00e9s uniquement \u00e0 partir de fruits, sans additifs ni ar\u00f4mes artificiels, nos coulis fraise, abricot et framboise offrent un go\u00fbt intense et authentique. Ils sont particuli\u00e8rement appr\u00e9ci\u00e9s m\u00e9lang\u00e9s \u00e0 du fromage blanc, un yaourt fermier ou en accompagnement de fromages frais et desserts lact\u00e9s, pour une association simple et gourmande.<\/p>\n\n\n\n<hr class=\"wp-block-separator has-alpha-channel-opacity\"\/>\n\n\n<div class=\"wp-block-image\">\n<figure class=\"aligncenter size-large is-resized\"><img decoding=\"async\" width=\"890\" height=\"1024\" src=\"https:\/\/planetefromages.com\/wp-content\/uploads\/2025\/12\/IMG_20251227_100203_1-890x1024.jpg\" alt=\"\" class=\"wp-image-916\" style=\"aspect-ratio:0.8691453199233529;width:454px;height:auto\" srcset=\"https:\/\/planetefromages.com\/wp-content\/uploads\/2025\/12\/IMG_20251227_100203_1-890x1024.jpg 890w, https:\/\/planetefromages.com\/wp-content\/uploads\/2025\/12\/IMG_20251227_100203_1-261x300.jpg 261w, https:\/\/planetefromages.com\/wp-content\/uploads\/2025\/12\/IMG_20251227_100203_1-768x883.jpg 768w, https:\/\/planetefromages.com\/wp-content\/uploads\/2025\/12\/IMG_20251227_100203_1-1335x1536.jpg 1335w, https:\/\/planetefromages.com\/wp-content\/uploads\/2025\/12\/IMG_20251227_100203_1.jpg 1669w\" sizes=\"(max-width: 890px) 100vw, 890px\" \/><\/figure>\n<\/div>","protected":false},"excerpt":{"rendered":"<p>Coulis de fruits 100 % naturels\u00c9labor\u00e9s uniquement \u00e0 partir de fruits, sans additifs ni ar\u00f4mes artificiels, nos coulis fraise, abricot et framboise offrent un go\u00fbt intense et authentique. Ils sont particuli\u00e8rement appr\u00e9ci\u00e9s m\u00e9lang\u00e9s \u00e0 du fromage blanc, un yaourt fermier ou en accompagnement de fromages frais et desserts lact\u00e9s, pour une association simple et gourmande.<\/p>\n","protected":false},"author":2,"featured_media":0,"parent":0,"menu_order":0,"comment_status":"closed","ping_status":"closed","template":"","meta":{"footnotes":""},"class_list":["post-911","page","type-page","status-publish","hentry"],"_links":{"self":[{"href":"https:\/\/planetefromages.com\/index.php\/wp-json\/wp\/v2\/pages\/911","targetHints":{"allow":["GET"]}}],"collection":[{"href":"https:\/\/planetefromages.com\/index.php\/wp-json\/wp\/v2\/pages"}],"about":[{"href":"https:\/\/planetefromages.com\/index.php\/wp-json\/wp\/v2\/types\/page"}],"author":[{"embeddable":true,"href":"https:\/\/planetefromages.com\/index.php\/wp-json\/wp\/v2\/users\/2"}],"replies":[{"embeddable":true,"href":"https:\/\/planetefromages.com\/index.php\/wp-json\/wp\/v2\/comments?post=911"}],"version-history":[{"count":3,"href":"https:\/\/planetefromages.com\/index.php\/wp-json\/wp\/v2\/pages\/911\/revisions"}],"predecessor-version":[{"id":917,"href":"https:\/\/planetefromages.com\/index.php\/wp-json\/wp\/v2\/pages\/911\/revisions\/917"}],"wp:attachment":[{"href":"https:\/\/planetefromages.com\/index.php\/wp-json\/wp\/v2\/media?parent=911"}],"curies":[{"name":"wp","href":"https:\/\/api.w.org\/{rel}","templated":true}]}}